{"id":2041,"date":"2023-12-13T10:53:00","date_gmt":"2023-12-13T13:53:00","guid":{"rendered":"https:\/\/amsb.com.ar\/web\/?post_type=product&#038;p=2041"},"modified":"2026-01-09T12:44:02","modified_gmt":"2026-01-09T15:44:02","slug":"mythic-vineyard-cabernet-sauvignon-2","status":"publish","type":"product","link":"https:\/\/amsb.com.ar\/web\/producto\/mythic-vineyard-cabernet-sauvignon-2\/","title":{"rendered":"Mythic Vineyard Cabernet Sauvignon"},"content":{"rendered":"<p>En el hemisferio sur se encuentra un Ed\u00e9n Vitivin\u00edcola ba\u00f1ado por una antigua loma, donde las aguas glaciales se filtran naturalmente a trav\u00e9s de la tierra.\u00a0Este para\u00edso es la tierra escogida para el cultivo de la vid.\u00a0Es aqu\u00ed donde nacen los vi\u00f1edos de Mythic wines.\u00a0300 d\u00edas de sol, ra\u00edces profundas y suelos aluviales crean las condiciones m\u00e1s ideales para estos M\u00cdTICOS vinos argentinos.<\/p>\n","protected":false},"excerpt":{"rendered":"<p>Color granate profundo, en nariz libera aromas seductores de fruta negra, pimienta roja picante y eucalipto que se transfieren sin problemas a la boca, ofreciendo taninos suaves y aterciopelados con notas adicionales de tabaco, especias y un suave indicio de vainilla, a\u00f1adiendo estructura y complejidad a este vino bien redondeado con excelente duraci\u00f3n e intensidad.<\/p>\n","protected":false},"featured_media":2042,"template":"","meta":[],"product_cat":[93,89,90],"product_tag":[],"class_list":{"0":"post-2041","1":"product","2":"type-product","3":"status-publish","4":"has-post-thumbnail","6":"product_cat-cabernet-sauvignon","7":"product_cat-tienda-de-bebidas","8":"product_cat-vino-tinto","10":"first","11":"instock","12":"taxable","13":"shipping-taxable","14":"purchasable","15":"product-type-simple"},"_links":{"self":[{"href":"https:\/\/amsb.com.ar\/web\/wp-json\/wp\/v2\/product\/2041"}],"collection":[{"href":"https:\/\/amsb.com.ar\/web\/wp-json\/wp\/v2\/product"}],"about":[{"href":"https:\/\/amsb.com.ar\/web\/wp-json\/wp\/v2\/types\/product"}],"wp:featuredmedia":[{"embeddable":true,"href":"https:\/\/amsb.com.ar\/web\/wp-json\/wp\/v2\/media\/2042"}],"wp:attachment":[{"href":"https:\/\/amsb.com.ar\/web\/wp-json\/wp\/v2\/media?parent=2041"}],"wp:term":[{"taxonomy":"product_cat","embeddable":true,"href":"https:\/\/amsb.com.ar\/web\/wp-json\/wp\/v2\/product_cat?post=2041"},{"taxonomy":"product_tag","embeddable":true,"href":"https:\/\/amsb.com.ar\/web\/wp-json\/wp\/v2\/product_tag?post=2041"}],"curies":[{"name":"wp","href":"https:\/\/api.w.org\/{rel}","templated":true}]}}