{"id":2006,"date":"2023-12-11T12:38:36","date_gmt":"2023-12-11T15:38:36","guid":{"rendered":"https:\/\/amsb.com.ar\/web\/?post_type=product&#038;p=2006"},"modified":"2026-01-09T13:20:55","modified_gmt":"2026-01-09T16:20:55","slug":"el-porvenir-amauta-absoluto-torrontes","status":"publish","type":"product","link":"https:\/\/amsb.com.ar\/web\/producto\/el-porvenir-amauta-absoluto-torrontes\/","title":{"rendered":"El Porvenir AMAUTA Absoluto Torrontes"},"content":{"rendered":"<div class=\"title\">ELABORACI\u00d3N Cosecha: Segunda quincena de febrero. Manual, en cajas de 20 kg. Fermentaci\u00f3n: Uso de levaduras seleccionadas, maceraci\u00f3n prefermentativa en prensa con nieve carb\u00f3nica durante 4 horas. Fermentaci\u00f3n alcoh\u00f3lica de 25 d\u00edas a temperatura entre los 13\u00ba C y 15\u00ba C. No se realiza fermentaci\u00f3n malol\u00e1ctica.<\/div>\n","protected":false},"excerpt":{"rendered":"<p>Color: Amarillo con tonalidades verdosas, de buen brillo y vivaz.<br \/>\nNariz: Car\u00e1cter frutado fresco tropical, perfumado, intenso de elegante tipicidad varietal. Con un segundo plano floral que recuerda a rosas acompa\u00f1ando sus notas c\u00edtricas.<br \/>\nBoca: Fresco, joven, frutal, agradable. Coincide con su fragancia en nariz, buena estructura, equilibrado y de muy buena acidez.<\/p>\n","protected":false},"featured_media":2007,"template":"","meta":[],"product_cat":[89,103,101],"product_tag":[],"class_list":{"0":"post-2006","1":"product","2":"type-product","3":"status-publish","4":"has-post-thumbnail","6":"product_cat-tienda-de-bebidas","7":"product_cat-torrontes","8":"product_cat-vino-blanco","10":"first","11":"instock","12":"taxable","13":"shipping-taxable","14":"purchasable","15":"product-type-simple"},"_links":{"self":[{"href":"https:\/\/amsb.com.ar\/web\/wp-json\/wp\/v2\/product\/2006"}],"collection":[{"href":"https:\/\/amsb.com.ar\/web\/wp-json\/wp\/v2\/product"}],"about":[{"href":"https:\/\/amsb.com.ar\/web\/wp-json\/wp\/v2\/types\/product"}],"wp:featuredmedia":[{"embeddable":true,"href":"https:\/\/amsb.com.ar\/web\/wp-json\/wp\/v2\/media\/2007"}],"wp:attachment":[{"href":"https:\/\/amsb.com.ar\/web\/wp-json\/wp\/v2\/media?parent=2006"}],"wp:term":[{"taxonomy":"product_cat","embeddable":true,"href":"https:\/\/amsb.com.ar\/web\/wp-json\/wp\/v2\/product_cat?post=2006"},{"taxonomy":"product_tag","embeddable":true,"href":"https:\/\/amsb.com.ar\/web\/wp-json\/wp\/v2\/product_tag?post=2006"}],"curies":[{"name":"wp","href":"https:\/\/api.w.org\/{rel}","templated":true}]}}