{"id":1954,"date":"2023-12-06T12:53:14","date_gmt":"2023-12-06T15:53:14","guid":{"rendered":"https:\/\/amsb.com.ar\/web\/?post_type=product&#038;p=1954"},"modified":"2024-04-19T16:32:59","modified_gmt":"2024-04-19T19:32:59","slug":"mil-suelos-tinto-negro-limestone-block","status":"publish","type":"product","link":"https:\/\/amsb.com.ar\/web\/producto\/mil-suelos-tinto-negro-limestone-block\/","title":{"rendered":"Mil Suelos Tinto Negro Limestone Block"},"content":{"rendered":"<p>Los vinos de Tinto Negro est\u00e1n destinados a reflejar el coraz\u00f3n y el alma del Malbec en Mendoza. Este proyecto enol\u00f3gico explora los terru\u00f1os de la capital de Cuyo en los que se destaca la expresi\u00f3n de nuestra variedad insignia. Tinto Negro produce Malbec de vi\u00f1edos \u00fanicos, con elaboraciones cuidadas y distintas t\u00e9cnicas de vinificaci\u00f3n que permiten mostrar la complejidad que es capaz de alcanzar este cepaje en Mendoza.<\/p>\n","protected":false},"excerpt":{"rendered":"<p>Malbec proveniente de Los Chacayes, Tunuy\u00e1n. Mucha expresi\u00f3n en nariz, notas de mineralidad, roca triturada, flores de acacia, moras, cassis, y un toque de vainilla . Poderoso, concentrado, con frutos maduros, notas florales, mineralidad y taninos delicados.<\/p>\n","protected":false},"featured_media":1955,"template":"","meta":[],"product_cat":[91,89,90],"product_tag":[],"class_list":{"0":"post-1954","1":"product","2":"type-product","3":"status-publish","4":"has-post-thumbnail","6":"product_cat-malbec","7":"product_cat-tienda-de-bebidas","8":"product_cat-vino-tinto","10":"first","11":"instock","12":"taxable","13":"shipping-taxable","14":"purchasable","15":"product-type-simple"},"_links":{"self":[{"href":"https:\/\/amsb.com.ar\/web\/wp-json\/wp\/v2\/product\/1954"}],"collection":[{"href":"https:\/\/amsb.com.ar\/web\/wp-json\/wp\/v2\/product"}],"about":[{"href":"https:\/\/amsb.com.ar\/web\/wp-json\/wp\/v2\/types\/product"}],"wp:featuredmedia":[{"embeddable":true,"href":"https:\/\/amsb.com.ar\/web\/wp-json\/wp\/v2\/media\/1955"}],"wp:attachment":[{"href":"https:\/\/amsb.com.ar\/web\/wp-json\/wp\/v2\/media?parent=1954"}],"wp:term":[{"taxonomy":"product_cat","embeddable":true,"href":"https:\/\/amsb.com.ar\/web\/wp-json\/wp\/v2\/product_cat?post=1954"},{"taxonomy":"product_tag","embeddable":true,"href":"https:\/\/amsb.com.ar\/web\/wp-json\/wp\/v2\/product_tag?post=1954"}],"curies":[{"name":"wp","href":"https:\/\/api.w.org\/{rel}","templated":true}]}}