{"id":1924,"date":"2023-12-06T10:24:13","date_gmt":"2023-12-06T13:24:13","guid":{"rendered":"https:\/\/amsb.com.ar\/web\/?post_type=product&#038;p=1924"},"modified":"2026-01-09T13:25:03","modified_gmt":"2026-01-09T16:25:03","slug":"loscano-colleccion-de-familia-white-blend","status":"publish","type":"product","link":"https:\/\/amsb.com.ar\/web\/producto\/loscano-colleccion-de-familia-white-blend\/","title":{"rendered":"Loscano Colleccion de Familia White Blend"},"content":{"rendered":"<p>90% Chardonnay, 10% Sauvignon Blanc<br class=\"wixui-rich-text__text\" \/>Vides provenientes de Valle de Uco, Mendoza, Argentina<\/p>\n","protected":false},"excerpt":{"rendered":"<p>Sumamente fresco y con cuerpo redondo en boca.<br class=\"wixui-rich-text__text\" \/>Notas a c\u00e1scara de c\u00edtricos, frutas de carozo y maracuy\u00e1.<br class=\"wixui-rich-text__text\" \/>Gran compa\u00f1ero de pesca fresca, tiraditos y ceviches<\/p>\n","protected":false},"featured_media":1925,"template":"","meta":[],"product_cat":[104,89,101],"product_tag":[],"class_list":{"0":"post-1924","1":"product","2":"type-product","3":"status-publish","4":"has-post-thumbnail","6":"product_cat-blend-vino-blanco","7":"product_cat-tienda-de-bebidas","8":"product_cat-vino-blanco","10":"first","11":"instock","12":"taxable","13":"shipping-taxable","14":"purchasable","15":"product-type-simple"},"_links":{"self":[{"href":"https:\/\/amsb.com.ar\/web\/wp-json\/wp\/v2\/product\/1924"}],"collection":[{"href":"https:\/\/amsb.com.ar\/web\/wp-json\/wp\/v2\/product"}],"about":[{"href":"https:\/\/amsb.com.ar\/web\/wp-json\/wp\/v2\/types\/product"}],"wp:featuredmedia":[{"embeddable":true,"href":"https:\/\/amsb.com.ar\/web\/wp-json\/wp\/v2\/media\/1925"}],"wp:attachment":[{"href":"https:\/\/amsb.com.ar\/web\/wp-json\/wp\/v2\/media?parent=1924"}],"wp:term":[{"taxonomy":"product_cat","embeddable":true,"href":"https:\/\/amsb.com.ar\/web\/wp-json\/wp\/v2\/product_cat?post=1924"},{"taxonomy":"product_tag","embeddable":true,"href":"https:\/\/amsb.com.ar\/web\/wp-json\/wp\/v2\/product_tag?post=1924"}],"curies":[{"name":"wp","href":"https:\/\/api.w.org\/{rel}","templated":true}]}}