{"id":1917,"date":"2023-12-06T09:50:48","date_gmt":"2023-12-06T12:50:48","guid":{"rendered":"https:\/\/amsb.com.ar\/web\/?post_type=product&#038;p=1917"},"modified":"2026-01-09T13:23:59","modified_gmt":"2026-01-09T16:23:59","slug":"piattelli-reserva-torrontes-cafayate","status":"publish","type":"product","link":"https:\/\/amsb.com.ar\/web\/producto\/piattelli-reserva-torrontes-cafayate\/","title":{"rendered":"Piattelli Reserva Torrontes Cafayate"},"content":{"rendered":"<p class=\"font_8 wixui-rich-text__text\"><span class=\"wixui-rich-text__text\"><span class=\"color_15 wixui-rich-text__text\">Piattelli Torront\u00e9s proviene de la uva Torront\u00e9s Riojano, una uva crujiente y compleja considerada la mejor de las sub-variedades. Crecido a 1795\u00a0metros de elevaci\u00f3n, donde las amplitudes t\u00e9rmicas extremas producen uvas que reventan con sabor. Piattelli Torront\u00e9s es una versi\u00f3n elegante de esta varietal que muestra la frescura y las cualidades florales de este vino es conocido por moderado ligeramente con roble. Las uvas eran de excelente calidad, lo que hizo un delicioso vino. Molido suavemente en nuestra bodega de flujo de gravedad y fermentado a 13 \u2103, el jugo se mantuvo libre de sabores duros durante todo el proceso de elaboraci\u00f3n. Delicioso emparejado con alimentos picantes.<\/span><\/span><\/p>\n<p class=\"font_8 wixui-rich-text__text\"><span class=\"wixui-rich-text__text\"><span class=\"color_15 wixui-rich-text__text\"><span class=\"wixGuard wixui-rich-text__text\">\u200b<\/span><\/span><\/span><\/p>\n","protected":false},"excerpt":{"rendered":"<p>Un vino refrescante, fragante, del color del topacio amarillo. Este Torront\u00e9s estalla con aromas tropicales de pi\u00f1a, durazno y azahar. Las notas arom\u00e1ticas resuenan en la boca con el albaricoque fresco y el lichi y una indirecta de la c\u00e1scara anaranjada. La acidez est\u00e1 bien equilibrada en la boca con un final medio c\u00edtrico.<\/p>\n","protected":false},"featured_media":1918,"template":"","meta":[],"product_cat":[89,103,101],"product_tag":[],"class_list":{"0":"post-1917","1":"product","2":"type-product","3":"status-publish","4":"has-post-thumbnail","6":"product_cat-tienda-de-bebidas","7":"product_cat-torrontes","8":"product_cat-vino-blanco","10":"first","11":"instock","12":"taxable","13":"shipping-taxable","14":"purchasable","15":"product-type-simple"},"_links":{"self":[{"href":"https:\/\/amsb.com.ar\/web\/wp-json\/wp\/v2\/product\/1917"}],"collection":[{"href":"https:\/\/amsb.com.ar\/web\/wp-json\/wp\/v2\/product"}],"about":[{"href":"https:\/\/amsb.com.ar\/web\/wp-json\/wp\/v2\/types\/product"}],"wp:featuredmedia":[{"embeddable":true,"href":"https:\/\/amsb.com.ar\/web\/wp-json\/wp\/v2\/media\/1918"}],"wp:attachment":[{"href":"https:\/\/amsb.com.ar\/web\/wp-json\/wp\/v2\/media?parent=1917"}],"wp:term":[{"taxonomy":"product_cat","embeddable":true,"href":"https:\/\/amsb.com.ar\/web\/wp-json\/wp\/v2\/product_cat?post=1917"},{"taxonomy":"product_tag","embeddable":true,"href":"https:\/\/amsb.com.ar\/web\/wp-json\/wp\/v2\/product_tag?post=1917"}],"curies":[{"name":"wp","href":"https:\/\/api.w.org\/{rel}","templated":true}]}}