{"id":1836,"date":"2023-11-29T17:09:52","date_gmt":"2023-11-29T20:09:52","guid":{"rendered":"https:\/\/amsb.com.ar\/web\/?post_type=product&#038;p=1836"},"modified":"2026-01-09T12:28:43","modified_gmt":"2026-01-09T15:28:43","slug":"lorca-fantasia-el-mirador-criolla","status":"publish","type":"product","link":"https:\/\/amsb.com.ar\/web\/producto\/lorca-fantasia-el-mirador-criolla\/","title":{"rendered":"Lorca Fantas\u00eda el Mirador Criolla"},"content":{"rendered":"<p>Proveniente de Rivadavia, tierra de origen de Mauricio Lorca, la mirada vuelve a las ra\u00edces. Un vino que invita a disfrutarlo fresco, perfecto para acompa\u00f1ar cada encuentro. El Mirador nos muestra otros horizontes, a partir de diferentes varietales de vi\u00f1edos recuperados en el paso del tiempo.<\/p>\n<p>UBICACI\u00d3N \/ ORIGEN:\u00a0El Mirador, Rivadavia. Provincia de Mendoza, Argentina.<\/p>\n","protected":false},"excerpt":{"rendered":"<p>Un vino en el que encontrar\u00e1s fruta, frescura, az\u00facar y acidez residual. Este 100% Criolla, tiene un color rosado con tintes violetas, en nariz recuerda a flores silvestres, guinda y cereza. En boca es dulce, muy fresco, ideal para consumir como aperitivo.<\/p>\n<p>TEMPERATURA: Recomendamos consumir fr\u00edo (8\u00ba C), o en tragos y c\u00f3cteles.<\/p>\n","protected":false},"featured_media":1838,"template":"","meta":[],"product_cat":[89,110,109],"product_tag":[],"class_list":{"0":"post-1836","1":"product","2":"type-product","3":"status-publish","4":"has-post-thumbnail","6":"product_cat-tienda-de-bebidas","7":"product_cat-vino-dulce","8":"product_cat-vino-rosado","10":"first","11":"instock","12":"taxable","13":"shipping-taxable","14":"purchasable","15":"product-type-simple"},"_links":{"self":[{"href":"https:\/\/amsb.com.ar\/web\/wp-json\/wp\/v2\/product\/1836"}],"collection":[{"href":"https:\/\/amsb.com.ar\/web\/wp-json\/wp\/v2\/product"}],"about":[{"href":"https:\/\/amsb.com.ar\/web\/wp-json\/wp\/v2\/types\/product"}],"wp:featuredmedia":[{"embeddable":true,"href":"https:\/\/amsb.com.ar\/web\/wp-json\/wp\/v2\/media\/1838"}],"wp:attachment":[{"href":"https:\/\/amsb.com.ar\/web\/wp-json\/wp\/v2\/media?parent=1836"}],"wp:term":[{"taxonomy":"product_cat","embeddable":true,"href":"https:\/\/amsb.com.ar\/web\/wp-json\/wp\/v2\/product_cat?post=1836"},{"taxonomy":"product_tag","embeddable":true,"href":"https:\/\/amsb.com.ar\/web\/wp-json\/wp\/v2\/product_tag?post=1836"}],"curies":[{"name":"wp","href":"https:\/\/api.w.org\/{rel}","templated":true}]}}