{"id":1831,"date":"2023-11-29T16:52:55","date_gmt":"2023-11-29T19:52:55","guid":{"rendered":"https:\/\/amsb.com.ar\/web\/?post_type=product&#038;p=1831"},"modified":"2026-01-09T12:29:05","modified_gmt":"2026-01-09T15:29:05","slug":"lorca-fantasia-torrontes","status":"publish","type":"product","link":"https:\/\/amsb.com.ar\/web\/producto\/lorca-fantasia-torrontes\/","title":{"rendered":"Lorca Fantasia Torrontes"},"content":{"rendered":"<p>UBICACI\u00d3N \/ ORIGEN: Valle de Famatina. Provincia de La Rioja, Argentina..<\/p>\n<p>CRIANZA \/ BARRICADO: Cosecha manual Bins de 400 Kg. Parrales t\u00edpicos. No usamos madera.<\/p>\n<p>CATA: Color amarillo verdoso. Fruta en su m\u00e1xima expresi\u00f3n. Presencia de flores como jazm\u00edn. Notas c\u00edtricas y tropicales. Frescura y persistencia.<\/p>\n","protected":false},"excerpt":{"rendered":"<p>Temperatura de servicio para este vino es entre 10\u00ba y 12\u00ba C, Potencial de guarda un a\u00f1o. Conservar en lugar fresco, oscuro, y sin vibraciones.Ideal como aperitivo. Tambi\u00e9n para acompa\u00f1ar pescados y mariscos, excelente para ceviche, comidas orientales y salsa c\u00edtricas o con miel.<\/p>\n","protected":false},"featured_media":1832,"template":"","meta":[],"product_cat":[89,103,101],"product_tag":[],"class_list":{"0":"post-1831","1":"product","2":"type-product","3":"status-publish","4":"has-post-thumbnail","6":"product_cat-tienda-de-bebidas","7":"product_cat-torrontes","8":"product_cat-vino-blanco","10":"first","11":"instock","12":"taxable","13":"shipping-taxable","14":"purchasable","15":"product-type-simple"},"_links":{"self":[{"href":"https:\/\/amsb.com.ar\/web\/wp-json\/wp\/v2\/product\/1831"}],"collection":[{"href":"https:\/\/amsb.com.ar\/web\/wp-json\/wp\/v2\/product"}],"about":[{"href":"https:\/\/amsb.com.ar\/web\/wp-json\/wp\/v2\/types\/product"}],"wp:featuredmedia":[{"embeddable":true,"href":"https:\/\/amsb.com.ar\/web\/wp-json\/wp\/v2\/media\/1832"}],"wp:attachment":[{"href":"https:\/\/amsb.com.ar\/web\/wp-json\/wp\/v2\/media?parent=1831"}],"wp:term":[{"taxonomy":"product_cat","embeddable":true,"href":"https:\/\/amsb.com.ar\/web\/wp-json\/wp\/v2\/product_cat?post=1831"},{"taxonomy":"product_tag","embeddable":true,"href":"https:\/\/amsb.com.ar\/web\/wp-json\/wp\/v2\/product_tag?post=1831"}],"curies":[{"name":"wp","href":"https:\/\/api.w.org\/{rel}","templated":true}]}}