{"id":1826,"date":"2023-11-29T16:09:36","date_gmt":"2023-11-29T19:09:36","guid":{"rendered":"https:\/\/amsb.com.ar\/web\/?post_type=product&#038;p=1826"},"modified":"2026-01-09T12:53:58","modified_gmt":"2026-01-09T15:53:58","slug":"susana-balbo-crios-sustentia-cabernet-franc","status":"publish","type":"product","link":"https:\/\/amsb.com.ar\/web\/producto\/susana-balbo-crios-sustentia-cabernet-franc\/","title":{"rendered":"Susana Balbo Crios Sustentia Cabernet Franc"},"content":{"rendered":"<p>Crios Sustentia Cabernet Franc es una interpretaci\u00f3n fresca de esta uva originaria del viejo mundo.\u00a0Si bien es una variedad que a\u00fan ocupa muy pocas hect\u00e1reas en nuestro pa\u00eds, encontr\u00f3 una expresi\u00f3n sin igual en el Valle de Uco, de donde proviene este vino.<\/p>\n","protected":false},"excerpt":{"rendered":"<p>Las manos de una madre sostienen, protegen y transforman, y son la matriz de una nueva historia: la de sus hijos. Crios Sustentia representa a esos cr\u00edos que hoy hacen su propio camino, pero usando las mismas herramientas: las manos que dan y reciben para volver a crear. Estos vinos son la mirada de las nuevas generaciones que buscan dejar su huella en pos de un futuro sostenible y cuidado.<\/p>\n","protected":false},"featured_media":1827,"template":"","meta":[],"product_cat":[94,89,90],"product_tag":[],"class_list":{"0":"post-1826","1":"product","2":"type-product","3":"status-publish","4":"has-post-thumbnail","6":"product_cat-cabernet-franc","7":"product_cat-tienda-de-bebidas","8":"product_cat-vino-tinto","10":"first","11":"instock","12":"taxable","13":"shipping-taxable","14":"purchasable","15":"product-type-simple"},"_links":{"self":[{"href":"https:\/\/amsb.com.ar\/web\/wp-json\/wp\/v2\/product\/1826"}],"collection":[{"href":"https:\/\/amsb.com.ar\/web\/wp-json\/wp\/v2\/product"}],"about":[{"href":"https:\/\/amsb.com.ar\/web\/wp-json\/wp\/v2\/types\/product"}],"wp:featuredmedia":[{"embeddable":true,"href":"https:\/\/amsb.com.ar\/web\/wp-json\/wp\/v2\/media\/1827"}],"wp:attachment":[{"href":"https:\/\/amsb.com.ar\/web\/wp-json\/wp\/v2\/media?parent=1826"}],"wp:term":[{"taxonomy":"product_cat","embeddable":true,"href":"https:\/\/amsb.com.ar\/web\/wp-json\/wp\/v2\/product_cat?post=1826"},{"taxonomy":"product_tag","embeddable":true,"href":"https:\/\/amsb.com.ar\/web\/wp-json\/wp\/v2\/product_tag?post=1826"}],"curies":[{"name":"wp","href":"https:\/\/api.w.org\/{rel}","templated":true}]}}