{"id":1822,"date":"2023-11-29T15:46:38","date_gmt":"2023-11-29T18:46:38","guid":{"rendered":"https:\/\/amsb.com.ar\/web\/?post_type=product&#038;p=1822"},"modified":"2026-01-09T12:54:16","modified_gmt":"2026-01-09T15:54:16","slug":"susana-balbo-crios-chardonnay","status":"publish","type":"product","link":"https:\/\/amsb.com.ar\/web\/producto\/susana-balbo-crios-chardonnay\/","title":{"rendered":"Susana Balbo Crios Chardonnay"},"content":{"rendered":"<p>Los Crios son vinos j\u00f3venes y frescos que reflejan el poder de las manos, valiosas herramientas que nos permiten crear, ayudar, o brindarle calor a un ser querido. Elaborados con la dedicaci\u00f3n y el esmero de un artesano, son ideales para disfrutar de los peque\u00f1os momentos junto con una buena comida y la compa\u00f1\u00eda de familia y\/o amigos.<\/p>\n","protected":false},"excerpt":{"rendered":"<p>De color dorado y tintes verdosos, Crios Chardonnay presenta vivaces aromas a anan\u00e1, manzana verde, miel y pan tostado proveniente de su breve contacto con roble. En paladar es redondo y balanceado, y mantienen una vibrante acidez.<\/p>\n","protected":false},"featured_media":1823,"template":"","meta":[],"product_cat":[102,89,101],"product_tag":[],"class_list":{"0":"post-1822","1":"product","2":"type-product","3":"status-publish","4":"has-post-thumbnail","6":"product_cat-chardonnay","7":"product_cat-tienda-de-bebidas","8":"product_cat-vino-blanco","10":"first","11":"instock","12":"taxable","13":"shipping-taxable","14":"purchasable","15":"product-type-simple"},"_links":{"self":[{"href":"https:\/\/amsb.com.ar\/web\/wp-json\/wp\/v2\/product\/1822"}],"collection":[{"href":"https:\/\/amsb.com.ar\/web\/wp-json\/wp\/v2\/product"}],"about":[{"href":"https:\/\/amsb.com.ar\/web\/wp-json\/wp\/v2\/types\/product"}],"wp:featuredmedia":[{"embeddable":true,"href":"https:\/\/amsb.com.ar\/web\/wp-json\/wp\/v2\/media\/1823"}],"wp:attachment":[{"href":"https:\/\/amsb.com.ar\/web\/wp-json\/wp\/v2\/media?parent=1822"}],"wp:term":[{"taxonomy":"product_cat","embeddable":true,"href":"https:\/\/amsb.com.ar\/web\/wp-json\/wp\/v2\/product_cat?post=1822"},{"taxonomy":"product_tag","embeddable":true,"href":"https:\/\/amsb.com.ar\/web\/wp-json\/wp\/v2\/product_tag?post=1822"}],"curies":[{"name":"wp","href":"https:\/\/api.w.org\/{rel}","templated":true}]}}