{"id":1817,"date":"2023-11-29T15:19:10","date_gmt":"2023-11-29T18:19:10","guid":{"rendered":"https:\/\/amsb.com.ar\/web\/?post_type=product&#038;p=1817"},"modified":"2026-01-09T12:56:19","modified_gmt":"2026-01-09T15:56:19","slug":"susana-balbo-crios-torrontes","status":"publish","type":"product","link":"https:\/\/amsb.com.ar\/web\/producto\/susana-balbo-crios-torrontes\/","title":{"rendered":"Susana Balbo Crios Torrontes"},"content":{"rendered":"<p>Crios Torront\u00e9s es uno de los mejores ejemplares del potencial de esta variedad. Elaborado con uvas provenientes de Cafayate y el Valle de Uco, es un vino ideal para disfrutar de los peque\u00f1os momentos con la compa\u00f1\u00eda de familia y\/o amigos. Vibrante, arom\u00e1tico y refrescante, cuenta con aromas a c\u00edtricos, maracuy\u00e1, lichi y flores blancas, adem\u00e1s de un final largo y mineral.<\/p>\n","protected":false},"excerpt":{"rendered":"<p>Susana Balbo es reconocida mundialmente como \u201cla Reina del Torront\u00e9s\u201d por el papel que cumpli\u00f3 en la transformaci\u00f3n de esta cepa durante los primeros a\u00f1os de su carrera en Cafayate, Salta, all\u00e1 por la d\u00e9cada de 1980, cuando la misma dej\u00f3 de ser considerada como una uva de corte para transformarse en el varietal blanco m\u00e1s representativo de la Argentina.<\/p>\n","protected":false},"featured_media":1821,"template":"","meta":[],"product_cat":[89,103,101],"product_tag":[],"class_list":{"0":"post-1817","1":"product","2":"type-product","3":"status-publish","4":"has-post-thumbnail","6":"product_cat-tienda-de-bebidas","7":"product_cat-torrontes","8":"product_cat-vino-blanco","10":"first","11":"instock","12":"taxable","13":"shipping-taxable","14":"purchasable","15":"product-type-simple"},"_links":{"self":[{"href":"https:\/\/amsb.com.ar\/web\/wp-json\/wp\/v2\/product\/1817"}],"collection":[{"href":"https:\/\/amsb.com.ar\/web\/wp-json\/wp\/v2\/product"}],"about":[{"href":"https:\/\/amsb.com.ar\/web\/wp-json\/wp\/v2\/types\/product"}],"wp:featuredmedia":[{"embeddable":true,"href":"https:\/\/amsb.com.ar\/web\/wp-json\/wp\/v2\/media\/1821"}],"wp:attachment":[{"href":"https:\/\/amsb.com.ar\/web\/wp-json\/wp\/v2\/media?parent=1817"}],"wp:term":[{"taxonomy":"product_cat","embeddable":true,"href":"https:\/\/amsb.com.ar\/web\/wp-json\/wp\/v2\/product_cat?post=1817"},{"taxonomy":"product_tag","embeddable":true,"href":"https:\/\/amsb.com.ar\/web\/wp-json\/wp\/v2\/product_tag?post=1817"}],"curies":[{"name":"wp","href":"https:\/\/api.w.org\/{rel}","templated":true}]}}