{"id":1787,"date":"2023-11-17T15:09:29","date_gmt":"2023-11-17T18:09:29","guid":{"rendered":"https:\/\/amsb.com.ar\/web\/?post_type=product&#038;p=1787"},"modified":"2026-01-09T12:49:01","modified_gmt":"2026-01-09T15:49:01","slug":"funckenhausen-rose-blend","status":"publish","type":"product","link":"https:\/\/amsb.com.ar\/web\/producto\/funckenhausen-rose-blend\/","title":{"rendered":"Funckenhausen Rose Blend"},"content":{"rendered":"<div id=\"producer-small-logo\">Es un vino que entra por los ojos, porque m\u00e1s all\u00e1 de su etiqueta llamativa y nombre dif\u00edcil de pronunciar, su tama\u00f1o (botella de litro transparente) permite lucir m\u00e1s su aspecto rosado suave.<\/p>\n<p>Blend de Malbec, Cabernet Sauvignon y Cabernet Franc, de aromas simples y directos, y paladar algo vinoso pero con paso equilibrado y con buena frescura.<\/p><\/div>\n","protected":false},"excerpt":{"rendered":"<p>Blend de Malbec, Cabernet Sauvignon y Cabernet Franc, de aromas simples y directos, y paladar algo vinoso pero con paso equilibrado y con buena frescura.<\/p>\n","protected":false},"featured_media":1795,"template":"","meta":[],"product_cat":[89,109],"product_tag":[],"class_list":{"0":"post-1787","1":"product","2":"type-product","3":"status-publish","4":"has-post-thumbnail","6":"product_cat-tienda-de-bebidas","7":"product_cat-vino-rosado","9":"first","10":"instock","11":"taxable","12":"shipping-taxable","13":"purchasable","14":"product-type-simple"},"_links":{"self":[{"href":"https:\/\/amsb.com.ar\/web\/wp-json\/wp\/v2\/product\/1787"}],"collection":[{"href":"https:\/\/amsb.com.ar\/web\/wp-json\/wp\/v2\/product"}],"about":[{"href":"https:\/\/amsb.com.ar\/web\/wp-json\/wp\/v2\/types\/product"}],"wp:featuredmedia":[{"embeddable":true,"href":"https:\/\/amsb.com.ar\/web\/wp-json\/wp\/v2\/media\/1795"}],"wp:attachment":[{"href":"https:\/\/amsb.com.ar\/web\/wp-json\/wp\/v2\/media?parent=1787"}],"wp:term":[{"taxonomy":"product_cat","embeddable":true,"href":"https:\/\/amsb.com.ar\/web\/wp-json\/wp\/v2\/product_cat?post=1787"},{"taxonomy":"product_tag","embeddable":true,"href":"https:\/\/amsb.com.ar\/web\/wp-json\/wp\/v2\/product_tag?post=1787"}],"curies":[{"name":"wp","href":"https:\/\/api.w.org\/{rel}","templated":true}]}}