{"id":1780,"date":"2023-11-17T14:57:29","date_gmt":"2023-11-17T17:57:29","guid":{"rendered":"https:\/\/amsb.com.ar\/web\/?post_type=product&#038;p=1780"},"modified":"2026-01-09T12:43:09","modified_gmt":"2026-01-09T15:43:09","slug":"casarena-appellation-agrelo-semillon","status":"publish","type":"product","link":"https:\/\/amsb.com.ar\/web\/producto\/casarena-appellation-agrelo-semillon\/","title":{"rendered":"Casarena Appellation Agrelo Semillon"},"content":{"rendered":"<p>Es un semill\u00f3n muy elegante, con notas de fruta de carozo blanca y flores blancas. Buena acidez natural, con muy buena untuosidad y frescura.<\/p>\n<p>En Casarena son custodios del terroir de Luj\u00e1n de Cuyo e int\u00e9rpretes de su diversidad. Vinos de origen sustentable y vi\u00f1edos propios con certificaci\u00f3n vegana y en proceso de tener certificaci\u00f3n org\u00e1nica. En la l\u00ednea Reservado, el paso por barrica de estos vinos logra un balance \u00fanico entre su tipicidad varietal y el aporte de la madera.<\/p>\n","protected":false},"excerpt":{"rendered":"<p>Es un semill\u00f3n muy elegante, con notas de fruta de carozo blanca y flores blancas. Buena acidez natural, con muy buena untuosidad y frescura.<\/p>\n","protected":false},"featured_media":1782,"template":"","meta":[],"product_cat":[107,89],"product_tag":[],"class_list":{"0":"post-1780","1":"product","2":"type-product","3":"status-publish","4":"has-post-thumbnail","6":"product_cat-semillon","7":"product_cat-tienda-de-bebidas","9":"first","10":"instock","11":"taxable","12":"shipping-taxable","13":"purchasable","14":"product-type-simple"},"_links":{"self":[{"href":"https:\/\/amsb.com.ar\/web\/wp-json\/wp\/v2\/product\/1780"}],"collection":[{"href":"https:\/\/amsb.com.ar\/web\/wp-json\/wp\/v2\/product"}],"about":[{"href":"https:\/\/amsb.com.ar\/web\/wp-json\/wp\/v2\/types\/product"}],"wp:featuredmedia":[{"embeddable":true,"href":"https:\/\/amsb.com.ar\/web\/wp-json\/wp\/v2\/media\/1782"}],"wp:attachment":[{"href":"https:\/\/amsb.com.ar\/web\/wp-json\/wp\/v2\/media?parent=1780"}],"wp:term":[{"taxonomy":"product_cat","embeddable":true,"href":"https:\/\/amsb.com.ar\/web\/wp-json\/wp\/v2\/product_cat?post=1780"},{"taxonomy":"product_tag","embeddable":true,"href":"https:\/\/amsb.com.ar\/web\/wp-json\/wp\/v2\/product_tag?post=1780"}],"curies":[{"name":"wp","href":"https:\/\/api.w.org\/{rel}","templated":true}]}}