{"id":1677,"date":"2023-11-17T11:32:56","date_gmt":"2023-11-17T14:32:56","guid":{"rendered":"https:\/\/amsb.com.ar\/web\/?post_type=product&#038;p=1677"},"modified":"2026-01-09T12:56:28","modified_gmt":"2026-01-09T15:56:28","slug":"susana-balbo-crios-red-blend","status":"publish","type":"product","link":"https:\/\/amsb.com.ar\/web\/producto\/susana-balbo-crios-red-blend\/","title":{"rendered":"Susana Balbo Crios Red Blend"},"content":{"rendered":"<p>Los Crios son vinos j\u00f3venes y frescos que reflejan el poder de las manos, valiosas herramientas que nos permiten crear, ayudar, o brindarle calor a un ser querido. Elaborados con la dedicaci\u00f3n y el esmero de un artesano, son ideales para disfrutar de los peque\u00f1os momentos junto con una buena comida y la compa\u00f1\u00eda de familia y\/o amigos.<\/p>\n<p>Crios Red Blend deleita con sus notas a frutos rojos maduros, violetas y piedras molidas se complementan con toques tostados y a especias que otorga su crianza en roble franc\u00e9s.<\/p>\n","protected":false},"excerpt":{"rendered":"<p>Crios Red Blend deleita con sus notas a frutos rojos maduros, violetas y piedras molidas se complementan con toques tostados y a especias que otorga su crianza en roble franc\u00e9s.<\/p>\n","protected":false},"featured_media":1681,"template":"","meta":[],"product_cat":[92,89,90],"product_tag":[],"class_list":{"0":"post-1677","1":"product","2":"type-product","3":"status-publish","4":"has-post-thumbnail","6":"product_cat-blend","7":"product_cat-tienda-de-bebidas","8":"product_cat-vino-tinto","10":"first","11":"instock","12":"taxable","13":"shipping-taxable","14":"purchasable","15":"product-type-simple"},"_links":{"self":[{"href":"https:\/\/amsb.com.ar\/web\/wp-json\/wp\/v2\/product\/1677"}],"collection":[{"href":"https:\/\/amsb.com.ar\/web\/wp-json\/wp\/v2\/product"}],"about":[{"href":"https:\/\/amsb.com.ar\/web\/wp-json\/wp\/v2\/types\/product"}],"wp:featuredmedia":[{"embeddable":true,"href":"https:\/\/amsb.com.ar\/web\/wp-json\/wp\/v2\/media\/1681"}],"wp:attachment":[{"href":"https:\/\/amsb.com.ar\/web\/wp-json\/wp\/v2\/media?parent=1677"}],"wp:term":[{"taxonomy":"product_cat","embeddable":true,"href":"https:\/\/amsb.com.ar\/web\/wp-json\/wp\/v2\/product_cat?post=1677"},{"taxonomy":"product_tag","embeddable":true,"href":"https:\/\/amsb.com.ar\/web\/wp-json\/wp\/v2\/product_tag?post=1677"}],"curies":[{"name":"wp","href":"https:\/\/api.w.org\/{rel}","templated":true}]}}