{"id":1635,"date":"2023-11-16T18:07:36","date_gmt":"2023-11-16T21:07:36","guid":{"rendered":"https:\/\/amsb.com.ar\/web\/?post_type=product&#038;p=1635"},"modified":"2026-01-09T12:34:29","modified_gmt":"2026-01-09T15:34:29","slug":"kalos-wine-yoli","status":"publish","type":"product","link":"https:\/\/amsb.com.ar\/web\/producto\/kalos-wine-yoli\/","title":{"rendered":"Kalos Wine Yoli"},"content":{"rendered":"<p>Este Blend presenta color rojo intenso con tintes viol\u00e1ceos. En nariz los aromas recuerdan a frutos rojos, moras, cassis, pimiento rojo, especias y ciruelas con un delicado toque de vainilla y chocolate, bien integrados. En boca es redondo y aterciopelado, muy persistente, con taninos maduros y dulces. De buen volumen y con un final prolongado y elegante. Este ejemplar se caracteriza por su complejidad t\u00edpica producto de la combinaci\u00f3n de tres varietales con mucho car\u00e1cter.<\/p>\n","protected":false},"excerpt":{"rendered":"<p>Este Blend presenta color rojo intenso con tintes viol\u00e1ceos. En nariz los aromas recuerdan a frutos rojos, moras, cassis, pimiento rojo, especias y ciruelas con un delicado toque de vainilla y chocolate, bien integrados. En boca es redondo y aterciopelado, muy persistente, con taninos maduros y dulces. De buen volumen y con un final prolongado y elegante. Este ejemplar se caracteriza por su complejidad t\u00edpica producto de la combinaci\u00f3n de tres varietales con mucho car\u00e1cter.<\/p>\n","protected":false},"featured_media":1637,"template":"","meta":[],"product_cat":[92,89,90],"product_tag":[],"class_list":{"0":"post-1635","1":"product","2":"type-product","3":"status-publish","4":"has-post-thumbnail","6":"product_cat-blend","7":"product_cat-tienda-de-bebidas","8":"product_cat-vino-tinto","10":"first","11":"instock","12":"taxable","13":"shipping-taxable","14":"purchasable","15":"product-type-simple"},"_links":{"self":[{"href":"https:\/\/amsb.com.ar\/web\/wp-json\/wp\/v2\/product\/1635"}],"collection":[{"href":"https:\/\/amsb.com.ar\/web\/wp-json\/wp\/v2\/product"}],"about":[{"href":"https:\/\/amsb.com.ar\/web\/wp-json\/wp\/v2\/types\/product"}],"wp:featuredmedia":[{"embeddable":true,"href":"https:\/\/amsb.com.ar\/web\/wp-json\/wp\/v2\/media\/1637"}],"wp:attachment":[{"href":"https:\/\/amsb.com.ar\/web\/wp-json\/wp\/v2\/media?parent=1635"}],"wp:term":[{"taxonomy":"product_cat","embeddable":true,"href":"https:\/\/amsb.com.ar\/web\/wp-json\/wp\/v2\/product_cat?post=1635"},{"taxonomy":"product_tag","embeddable":true,"href":"https:\/\/amsb.com.ar\/web\/wp-json\/wp\/v2\/product_tag?post=1635"}],"curies":[{"name":"wp","href":"https:\/\/api.w.org\/{rel}","templated":true}]}}