{"id":1612,"date":"2023-11-16T17:14:52","date_gmt":"2023-11-16T20:14:52","guid":{"rendered":"https:\/\/amsb.com.ar\/web\/?post_type=product&#038;p=1612"},"modified":"2026-01-09T12:46:45","modified_gmt":"2026-01-09T15:46:45","slug":"chakana-estate-selection-red-blend","status":"publish","type":"product","link":"https:\/\/amsb.com.ar\/web\/producto\/chakana-estate-selection-red-blend\/","title":{"rendered":"Chakana Estate Selection Red Blend"},"content":{"rendered":"<p>Aromas a flores, moras, alcanfor, sotobosque y sutil madera nueva emergen de este opulento blockbuster de gran cuerpo y textura. Extremadamente puro y suntuoso, este Malbec de precio moderado deber\u00eda poder a\u00f1ejarse por 6 a 10 a\u00f1os.  <\/p>\n","protected":false},"excerpt":{"rendered":"<p>Aromas a flores, moras, alcanfor, sotobosque y sutil madera nueva emergen de este opulento blockbuster de gran cuerpo y textura. Extremadamente puro y suntuoso, este Malbec de precio moderado deber\u00eda poder a\u00f1ejarse por 6 a 10 a\u00f1os.  <\/p>\n","protected":false},"featured_media":1615,"template":"","meta":[],"product_cat":[92,89,90],"product_tag":[],"class_list":{"0":"post-1612","1":"product","2":"type-product","3":"status-publish","4":"has-post-thumbnail","6":"product_cat-blend","7":"product_cat-tienda-de-bebidas","8":"product_cat-vino-tinto","10":"first","11":"instock","12":"taxable","13":"shipping-taxable","14":"purchasable","15":"product-type-simple"},"_links":{"self":[{"href":"https:\/\/amsb.com.ar\/web\/wp-json\/wp\/v2\/product\/1612"}],"collection":[{"href":"https:\/\/amsb.com.ar\/web\/wp-json\/wp\/v2\/product"}],"about":[{"href":"https:\/\/amsb.com.ar\/web\/wp-json\/wp\/v2\/types\/product"}],"wp:featuredmedia":[{"embeddable":true,"href":"https:\/\/amsb.com.ar\/web\/wp-json\/wp\/v2\/media\/1615"}],"wp:attachment":[{"href":"https:\/\/amsb.com.ar\/web\/wp-json\/wp\/v2\/media?parent=1612"}],"wp:term":[{"taxonomy":"product_cat","embeddable":true,"href":"https:\/\/amsb.com.ar\/web\/wp-json\/wp\/v2\/product_cat?post=1612"},{"taxonomy":"product_tag","embeddable":true,"href":"https:\/\/amsb.com.ar\/web\/wp-json\/wp\/v2\/product_tag?post=1612"}],"curies":[{"name":"wp","href":"https:\/\/api.w.org\/{rel}","templated":true}]}}