{"id":1585,"date":"2023-11-16T15:54:19","date_gmt":"2023-11-16T18:54:19","guid":{"rendered":"https:\/\/amsb.com.ar\/web\/?post_type=product&#038;p=1585"},"modified":"2026-01-09T12:56:37","modified_gmt":"2026-01-09T15:56:37","slug":"susana-balbo-crios-malbec","status":"publish","type":"product","link":"https:\/\/amsb.com.ar\/web\/producto\/susana-balbo-crios-malbec\/","title":{"rendered":"Susana Balbo Crios Malbec"},"content":{"rendered":"<p>Los Crios son vinos j\u00f3venes y frescos que reflejan el poder de las manos, valiosas herramientas que nos permiten crear, ayudar, o brindarle calor a un ser querido. Elaborados con la dedicaci\u00f3n y el esmero de un artesano, son ideales para disfrutar de los peque\u00f1os momentos junto con una buena comida y la compa\u00f1\u00eda de familia y\/o amigos.<\/p>\n<p>Crios Malbec es una expresi\u00f3n pura y equilibrada de la uva m\u00e1s emblem\u00e1tica de nuestro pa\u00eds. Cuenta con aromas a violetas, cerezas y especias, adem\u00e1s de un paladar frutado y una acidez balanceada que lo transforman en una excelente opci\u00f3n para maridar asados y empanadas. <\/p>\n","protected":false},"excerpt":{"rendered":"<p>Crios Malbec es una expresi\u00f3n pura y equilibrada de la uva m\u00e1s emblem\u00e1tica de nuestro pa\u00eds. Cuenta con aromas a violetas, cerezas y especias, adem\u00e1s de un paladar frutado y una acidez balanceada que lo transforman en una excelente opci\u00f3n para maridar asados y empanadas. <\/p>\n","protected":false},"featured_media":1590,"template":"","meta":[],"product_cat":[91,89,90],"product_tag":[],"class_list":{"0":"post-1585","1":"product","2":"type-product","3":"status-publish","4":"has-post-thumbnail","6":"product_cat-malbec","7":"product_cat-tienda-de-bebidas","8":"product_cat-vino-tinto","10":"first","11":"instock","12":"taxable","13":"shipping-taxable","14":"purchasable","15":"product-type-simple"},"_links":{"self":[{"href":"https:\/\/amsb.com.ar\/web\/wp-json\/wp\/v2\/product\/1585"}],"collection":[{"href":"https:\/\/amsb.com.ar\/web\/wp-json\/wp\/v2\/product"}],"about":[{"href":"https:\/\/amsb.com.ar\/web\/wp-json\/wp\/v2\/types\/product"}],"wp:featuredmedia":[{"embeddable":true,"href":"https:\/\/amsb.com.ar\/web\/wp-json\/wp\/v2\/media\/1590"}],"wp:attachment":[{"href":"https:\/\/amsb.com.ar\/web\/wp-json\/wp\/v2\/media?parent=1585"}],"wp:term":[{"taxonomy":"product_cat","embeddable":true,"href":"https:\/\/amsb.com.ar\/web\/wp-json\/wp\/v2\/product_cat?post=1585"},{"taxonomy":"product_tag","embeddable":true,"href":"https:\/\/amsb.com.ar\/web\/wp-json\/wp\/v2\/product_tag?post=1585"}],"curies":[{"name":"wp","href":"https:\/\/api.w.org\/{rel}","templated":true}]}}