{"id":1557,"date":"2023-11-16T15:14:00","date_gmt":"2023-11-16T18:14:00","guid":{"rendered":"https:\/\/amsb.com.ar\/web\/?post_type=product&#038;p=1557"},"modified":"2026-01-09T12:30:18","modified_gmt":"2026-01-09T15:30:18","slug":"lorca-opalo-malbec","status":"publish","type":"product","link":"https:\/\/amsb.com.ar\/web\/producto\/lorca-opalo-malbec\/","title":{"rendered":"Lorca Opalo Malbec"},"content":{"rendered":"<p>Fiel expresi\u00f3n del Terru\u00f1o. Gran potencial arom\u00e1tico. Perfecta tipicidad varietal. Color profundo rojo viol\u00e1ceo. Muy expresivo. Aromas especiados. Pimienta, menta, flores. Gran amplitud en boca. Muy buena estructura. Suavidad, elegancia y persistencia.<\/p>\n","protected":false},"excerpt":{"rendered":"<p>Fiel expresi\u00f3n del Terru\u00f1o. Gran potencial arom\u00e1tico. Perfecta tipicidad varietal. Color profundo rojo viol\u00e1ceo. <\/p>\n","protected":false},"featured_media":1560,"template":"","meta":[],"product_cat":[91,89,90],"product_tag":[],"class_list":{"0":"post-1557","1":"product","2":"type-product","3":"status-publish","4":"has-post-thumbnail","6":"product_cat-malbec","7":"product_cat-tienda-de-bebidas","8":"product_cat-vino-tinto","10":"first","11":"instock","12":"taxable","13":"shipping-taxable","14":"purchasable","15":"product-type-simple"},"_links":{"self":[{"href":"https:\/\/amsb.com.ar\/web\/wp-json\/wp\/v2\/product\/1557"}],"collection":[{"href":"https:\/\/amsb.com.ar\/web\/wp-json\/wp\/v2\/product"}],"about":[{"href":"https:\/\/amsb.com.ar\/web\/wp-json\/wp\/v2\/types\/product"}],"wp:featuredmedia":[{"embeddable":true,"href":"https:\/\/amsb.com.ar\/web\/wp-json\/wp\/v2\/media\/1560"}],"wp:attachment":[{"href":"https:\/\/amsb.com.ar\/web\/wp-json\/wp\/v2\/media?parent=1557"}],"wp:term":[{"taxonomy":"product_cat","embeddable":true,"href":"https:\/\/amsb.com.ar\/web\/wp-json\/wp\/v2\/product_cat?post=1557"},{"taxonomy":"product_tag","embeddable":true,"href":"https:\/\/amsb.com.ar\/web\/wp-json\/wp\/v2\/product_tag?post=1557"}],"curies":[{"name":"wp","href":"https:\/\/api.w.org\/{rel}","templated":true}]}}