{"id":1521,"date":"2023-11-16T14:15:44","date_gmt":"2023-11-16T17:15:44","guid":{"rendered":"https:\/\/amsb.com.ar\/web\/?post_type=product&#038;p=1521"},"modified":"2026-01-09T12:46:59","modified_gmt":"2026-01-09T15:46:59","slug":"chakana-estate-selection-malbec","status":"publish","type":"product","link":"https:\/\/amsb.com.ar\/web\/producto\/chakana-estate-selection-malbec\/","title":{"rendered":"Chakana Estate Selection Malbec"},"content":{"rendered":"<p>Exhibe un color denso y saturado entre rub\u00ed y purpura junto a un perfume dulce de carb\u00f3n, chocolate blanco, ar\u00e1ndanos y moras, mezcladas con notas a suelo de bosque y flores primaverales. Un vino de gran delicadeza, elegancia y gran cuerpo a la vez que tremendamente armonioso y puro<\/p>\n","protected":false},"excerpt":{"rendered":"<p>Exhibe un color denso y saturado entre rub\u00ed y purpura junto a un perfume dulce de carb\u00f3n, chocolate blanco, ar\u00e1ndanos y moras, mezcladas con notas a suelo de bosque y flores primaverales. Un vino de gran delicadeza, elegancia y gran cuerpo a la vez que tremendamente armonioso y puro<\/p>\n","protected":false},"featured_media":1525,"template":"","meta":[],"product_cat":[91,89,90],"product_tag":[],"class_list":{"0":"post-1521","1":"product","2":"type-product","3":"status-publish","4":"has-post-thumbnail","6":"product_cat-malbec","7":"product_cat-tienda-de-bebidas","8":"product_cat-vino-tinto","10":"first","11":"instock","12":"taxable","13":"shipping-taxable","14":"purchasable","15":"product-type-simple"},"_links":{"self":[{"href":"https:\/\/amsb.com.ar\/web\/wp-json\/wp\/v2\/product\/1521"}],"collection":[{"href":"https:\/\/amsb.com.ar\/web\/wp-json\/wp\/v2\/product"}],"about":[{"href":"https:\/\/amsb.com.ar\/web\/wp-json\/wp\/v2\/types\/product"}],"wp:featuredmedia":[{"embeddable":true,"href":"https:\/\/amsb.com.ar\/web\/wp-json\/wp\/v2\/media\/1525"}],"wp:attachment":[{"href":"https:\/\/amsb.com.ar\/web\/wp-json\/wp\/v2\/media?parent=1521"}],"wp:term":[{"taxonomy":"product_cat","embeddable":true,"href":"https:\/\/amsb.com.ar\/web\/wp-json\/wp\/v2\/product_cat?post=1521"},{"taxonomy":"product_tag","embeddable":true,"href":"https:\/\/amsb.com.ar\/web\/wp-json\/wp\/v2\/product_tag?post=1521"}],"curies":[{"name":"wp","href":"https:\/\/api.w.org\/{rel}","templated":true}]}}