{"id":1517,"date":"2023-11-16T14:12:12","date_gmt":"2023-11-16T17:12:12","guid":{"rendered":"https:\/\/amsb.com.ar\/web\/?post_type=product&#038;p=1517"},"modified":"2026-01-09T12:43:32","modified_gmt":"2026-01-09T15:43:32","slug":"casarena-appellation-agrelo-malbec","status":"publish","type":"product","link":"https:\/\/amsb.com.ar\/web\/producto\/casarena-appellation-agrelo-malbec\/","title":{"rendered":"Casarena Appellation Agrelo Malbec"},"content":{"rendered":"<p>Las uvas pasan por una doble selecci\u00f3n manual de racimos y granos. Luego de un cuidadoso despalillado, la fruta realiza una fermentaci\u00f3n en fr\u00edo a grano entero. Para asegurar una m\u00e1xima expresi\u00f3n arom\u00e1tica se comienza una fermentaci\u00f3n alcoh\u00f3lica natural, a temperaturas bajas. En barrica, el vino experimenta una fermentaci\u00f3n malol\u00e1ctica espont\u00e1nea y se clarifica de manera natural.<\/p>\n","protected":false},"excerpt":{"rendered":"<p>Las uvas pasan por una doble selecci\u00f3n manual de racimos y granos. Luego de un cuidadoso despalillado, la fruta realiza una fermentaci\u00f3n en fr\u00edo a grano entero. Para asegurar una m\u00e1xima expresi\u00f3n arom\u00e1tica se comienza una fermentaci\u00f3n alcoh\u00f3lica natural, a temperaturas bajas. En barrica, el vino experimenta una fermentaci\u00f3n malol\u00e1ctica espont\u00e1nea y se clarifica de manera natural.<\/p>\n","protected":false},"featured_media":1518,"template":"","meta":[],"product_cat":[91,89,90],"product_tag":[],"class_list":{"0":"post-1517","1":"product","2":"type-product","3":"status-publish","4":"has-post-thumbnail","6":"product_cat-malbec","7":"product_cat-tienda-de-bebidas","8":"product_cat-vino-tinto","10":"first","11":"instock","12":"taxable","13":"shipping-taxable","14":"purchasable","15":"product-type-simple"},"_links":{"self":[{"href":"https:\/\/amsb.com.ar\/web\/wp-json\/wp\/v2\/product\/1517"}],"collection":[{"href":"https:\/\/amsb.com.ar\/web\/wp-json\/wp\/v2\/product"}],"about":[{"href":"https:\/\/amsb.com.ar\/web\/wp-json\/wp\/v2\/types\/product"}],"wp:featuredmedia":[{"embeddable":true,"href":"https:\/\/amsb.com.ar\/web\/wp-json\/wp\/v2\/media\/1518"}],"wp:attachment":[{"href":"https:\/\/amsb.com.ar\/web\/wp-json\/wp\/v2\/media?parent=1517"}],"wp:term":[{"taxonomy":"product_cat","embeddable":true,"href":"https:\/\/amsb.com.ar\/web\/wp-json\/wp\/v2\/product_cat?post=1517"},{"taxonomy":"product_tag","embeddable":true,"href":"https:\/\/amsb.com.ar\/web\/wp-json\/wp\/v2\/product_tag?post=1517"}],"curies":[{"name":"wp","href":"https:\/\/api.w.org\/{rel}","templated":true}]}}