{"id":1373,"date":"2023-11-16T02:44:14","date_gmt":"2023-11-16T05:44:14","guid":{"rendered":"https:\/\/amsb.com.ar\/web\/?post_type=product&#038;p=1373"},"modified":"2026-01-09T13:01:06","modified_gmt":"2026-01-09T16:01:06","slug":"alto-uxmal-malbec","status":"publish","type":"product","link":"https:\/\/amsb.com.ar\/web\/producto\/alto-uxmal-malbec\/","title":{"rendered":"Alto Uxmal Malbec"},"content":{"rendered":"<p>El vino tinto Alto Uxmal Malbec proviene de la regi\u00f3n de Tupungato, en la provincia de Mendoza, con aromas a frutos rojos maduros como guinda y ciruela. Frutos negros como casis y moras. Se aprecian tambi\u00e9n aromas a especias y notas a vainilla, chocolate y caf\u00e9.<\/p>\n<p>Uxmal es una l\u00ednea que se gan\u00f3 a los consumidores primero en el restaurante y luego en la mesa cotidiana por su relaci\u00f3n precio-calidad.<\/p>\n","protected":false},"excerpt":{"rendered":"<p>El vino tinto Alto Uxmal Malbec proviene de la regi\u00f3n de Tupungato, en la provincia de Mendoza, con aromas a frutos rojos maduros como guinda y ciruela. Frutos negros como casis y moras. Se aprecian tambi\u00e9n aromas a especias y notas a vainilla, chocolate y caf\u00e9.<\/p>\n","protected":false},"featured_media":1374,"template":"","meta":[],"product_cat":[91,89,90],"product_tag":[],"class_list":{"0":"post-1373","1":"product","2":"type-product","3":"status-publish","4":"has-post-thumbnail","6":"product_cat-malbec","7":"product_cat-tienda-de-bebidas","8":"product_cat-vino-tinto","10":"first","11":"instock","12":"taxable","13":"shipping-taxable","14":"purchasable","15":"product-type-simple"},"_links":{"self":[{"href":"https:\/\/amsb.com.ar\/web\/wp-json\/wp\/v2\/product\/1373"}],"collection":[{"href":"https:\/\/amsb.com.ar\/web\/wp-json\/wp\/v2\/product"}],"about":[{"href":"https:\/\/amsb.com.ar\/web\/wp-json\/wp\/v2\/types\/product"}],"wp:featuredmedia":[{"embeddable":true,"href":"https:\/\/amsb.com.ar\/web\/wp-json\/wp\/v2\/media\/1374"}],"wp:attachment":[{"href":"https:\/\/amsb.com.ar\/web\/wp-json\/wp\/v2\/media?parent=1373"}],"wp:term":[{"taxonomy":"product_cat","embeddable":true,"href":"https:\/\/amsb.com.ar\/web\/wp-json\/wp\/v2\/product_cat?post=1373"},{"taxonomy":"product_tag","embeddable":true,"href":"https:\/\/amsb.com.ar\/web\/wp-json\/wp\/v2\/product_tag?post=1373"}],"curies":[{"name":"wp","href":"https:\/\/api.w.org\/{rel}","templated":true}]}}