{"id":1369,"date":"2023-11-16T02:35:06","date_gmt":"2023-11-16T05:35:06","guid":{"rendered":"https:\/\/amsb.com.ar\/web\/?post_type=product&#038;p=1369"},"modified":"2026-01-09T12:58:20","modified_gmt":"2026-01-09T15:58:20","slug":"los-alamos-malbec","status":"publish","type":"product","link":"https:\/\/amsb.com.ar\/web\/producto\/los-alamos-malbec\/","title":{"rendered":"Catena Alamos Malbec"},"content":{"rendered":"<p>Disfruta de un exquisito Vino Los Alamos Malbec de 750cc, producido por la prestigiosa bodega Catena Zapata. Este vino tinto de la l\u00ednea Alamos es un cl\u00e1sico argentino, proveniente de la reconocida regi\u00f3n vitivin\u00edcola de Mendoza. Su varietal Malbec te deleitar\u00e1 con intensos aromas a frutos rojos, perfecto para acompa\u00f1ar tus comidas y celebraciones. Con un volumen de 750 mL y presentado en una elegante botella, este vino es ideal para compartir con amigos y familiares. Su tiempo en barrica de 12 meses le otorga una graduaci\u00f3n alcoh\u00f3lica de 13.5%, equilibrando su sabor y cuerpo. Para disfrutar al m\u00e1ximo de sus cualidades, te recomendamos servirlo a una temperatura ideal de 10\u00b0C. Aunque no es org\u00e1nico, este Vino Los Alamos Malbec es una opci\u00f3n deliciosa y sofisticada para los amantes del buen vino en Argentina.<\/p>\n","protected":false},"excerpt":{"rendered":"<p>Vino tinto Malbec de la prestigiosa bodega Catena Zapata.<br \/>\nProducido en Mendoza, Argentina, cuna de los mejores Malbec.<br \/>\nAromas intensos a frutos rojos para deleitar tus sentidos.<br \/>\n12 meses en barrica, equilibrio perfecto de sabor y cuerpo.<br \/>\nGraduaci\u00f3n alcoh\u00f3lica de 13.5%, ideal para acompa\u00f1ar comidas.<br \/>\nServir a 10\u00b0C para disfrutar al m\u00e1ximo de sus cualidades.<\/p>\n","protected":false},"featured_media":1370,"template":"","meta":[],"product_cat":[91,89,90],"product_tag":[],"class_list":{"0":"post-1369","1":"product","2":"type-product","3":"status-publish","4":"has-post-thumbnail","6":"product_cat-malbec","7":"product_cat-tienda-de-bebidas","8":"product_cat-vino-tinto","10":"first","11":"instock","12":"taxable","13":"shipping-taxable","14":"purchasable","15":"product-type-simple"},"_links":{"self":[{"href":"https:\/\/amsb.com.ar\/web\/wp-json\/wp\/v2\/product\/1369"}],"collection":[{"href":"https:\/\/amsb.com.ar\/web\/wp-json\/wp\/v2\/product"}],"about":[{"href":"https:\/\/amsb.com.ar\/web\/wp-json\/wp\/v2\/types\/product"}],"wp:featuredmedia":[{"embeddable":true,"href":"https:\/\/amsb.com.ar\/web\/wp-json\/wp\/v2\/media\/1370"}],"wp:attachment":[{"href":"https:\/\/amsb.com.ar\/web\/wp-json\/wp\/v2\/media?parent=1369"}],"wp:term":[{"taxonomy":"product_cat","embeddable":true,"href":"https:\/\/amsb.com.ar\/web\/wp-json\/wp\/v2\/product_cat?post=1369"},{"taxonomy":"product_tag","embeddable":true,"href":"https:\/\/amsb.com.ar\/web\/wp-json\/wp\/v2\/product_tag?post=1369"}],"curies":[{"name":"wp","href":"https:\/\/api.w.org\/{rel}","templated":true}]}}