{"id":1367,"date":"2023-11-16T02:31:42","date_gmt":"2023-11-16T05:31:42","guid":{"rendered":"https:\/\/amsb.com.ar\/web\/?post_type=product&#038;p=1367"},"modified":"2026-01-09T12:47:21","modified_gmt":"2026-01-09T15:47:21","slug":"miras-jovem-trousseau","status":"publish","type":"product","link":"https:\/\/amsb.com.ar\/web\/producto\/miras-jovem-trousseau\/","title":{"rendered":"Miras Jovem Trousseau"},"content":{"rendered":"<p>Miras es el proyecto familiar de Marcelo Miras, en\u00f3logo mendocino, de San Rafael, que se mud\u00f3 a Rio Negro a mediados de los 2000\u2019 para trabajar en Humberto Canale. A la par empez\u00f3 su propio proyecto, donde juega con vinos j\u00f3venes y crianzas. Asesora tambi\u00e9n a distintos proyectos.<\/p>\n<p>Este Trousseau, uva originaria de Jura, en el este de Francia, proviene de parrales viejos (50 a\u00f1os) en la zona de Guerrico. De perfil terroso y salvaje, un vino liviano, fresco y sutil, con mucha fruta y gran fluidez, un vino muy amable en boca , de muy linda acidez.<\/p>\n<p>\u201cNuestra filosof\u00eda es uva-hombre-vino; uvas que crecen en un ambiente semides\u00e9rtico, con brisas y vientos permanentes, naturalmente org\u00e1nico. All\u00ed, el hombre, con su trabajo, genera cambios en el vi\u00f1edo y en la bodega, para producir -con t\u00e9cnicas adecuadas-, grandes vinos, reflejando en ellos la frescura de su acidez, sus ricos aromas frutados; y sus exquisitos y equilibrados gustos, otorgando vinos de gran jerarqu\u00eda.\u201d \u2013\u00a0<strong>Marcelo Miras<\/strong><\/p>\n","protected":false},"excerpt":{"rendered":"<p>Miras Trousseau, uva originaria de Jura, en el este de Francia, proviene de parrales viejos (50 a\u00f1os) en la zona de Guerrico. De perfil terroso y salvaje, un vino liviano, fresco y sutil, con mucha fruta y gran fluidez, un vino muy amable en boca , de muy linda acidez.<\/p>\n","protected":false},"featured_media":1368,"template":"","meta":[],"product_cat":[89,90],"product_tag":[],"class_list":{"0":"post-1367","1":"product","2":"type-product","3":"status-publish","4":"has-post-thumbnail","6":"product_cat-tienda-de-bebidas","7":"product_cat-vino-tinto","9":"first","10":"instock","11":"taxable","12":"shipping-taxable","13":"purchasable","14":"product-type-simple"},"_links":{"self":[{"href":"https:\/\/amsb.com.ar\/web\/wp-json\/wp\/v2\/product\/1367"}],"collection":[{"href":"https:\/\/amsb.com.ar\/web\/wp-json\/wp\/v2\/product"}],"about":[{"href":"https:\/\/amsb.com.ar\/web\/wp-json\/wp\/v2\/types\/product"}],"wp:featuredmedia":[{"embeddable":true,"href":"https:\/\/amsb.com.ar\/web\/wp-json\/wp\/v2\/media\/1368"}],"wp:attachment":[{"href":"https:\/\/amsb.com.ar\/web\/wp-json\/wp\/v2\/media?parent=1367"}],"wp:term":[{"taxonomy":"product_cat","embeddable":true,"href":"https:\/\/amsb.com.ar\/web\/wp-json\/wp\/v2\/product_cat?post=1367"},{"taxonomy":"product_tag","embeddable":true,"href":"https:\/\/amsb.com.ar\/web\/wp-json\/wp\/v2\/product_tag?post=1367"}],"curies":[{"name":"wp","href":"https:\/\/api.w.org\/{rel}","templated":true}]}}