{"id":37,"date":"2023-09-14T17:32:13","date_gmt":"2023-09-14T20:32:13","guid":{"rendered":"https:\/\/amsb.com.ar\/web\/?page_id=37"},"modified":"2023-11-15T13:20:18","modified_gmt":"2023-11-15T16:20:18","slug":"preguntas-frecuentes","status":"publish","type":"page","link":"https:\/\/amsb.com.ar\/web\/preguntas-frecuentes\/","title":{"rendered":"Preguntas Frecuentes"},"content":{"rendered":"<div class=\"wpb-content-wrapper\"><p>[vc_row gap=\u00bb30&#8243; woodmart_css_id=\u00bb650a5a0dcc545&#8243; responsive_spacing=\u00bbeyJwYXJhbV90eXBlIjoid29vZG1hcnRfcmVzcG9uc2l2ZV9zcGFjaW5nIiwic2VsZWN0b3JfaWQiOiI2NTBhNWEwZGNjNTQ1Iiwic2hvcnRjb2RlIjoidmNfcm93IiwiZGF0YSI6eyJ0YWJsZXQiOnt9LCJtb2JpbGUiOnt9fX0=\u00bb mobile_bg_img_hidden=\u00bbno\u00bb tablet_bg_img_hidden=\u00bbno\u00bb woodmart_parallax=\u00bb0&#8243; woodmart_gradient_switch=\u00bbno\u00bb woodmart_box_shadow=\u00bbno\u00bb wd_z_index=\u00bbno\u00bb woodmart_disable_overflow=\u00bb0&#8243; row_reverse_mobile=\u00bb0&#8243; row_reverse_tablet=\u00bb0&#8243; el_class=\u00bbpagina-contenido\u00bb][vc_column width=\u00bb1\/2&#8243;]\n\t\t<div id=\"wd-650a59dbd6a3e\" class=\"title-wrapper wd-wpb set-mb-s reset-last-child  wd-rs-650a59dbd6a3e wd-title-color-primary wd-title-style-underlined text-left  wd-underline-colored\">\n\t\t\t\n\t\t\t<div class=\"liner-continer\">\n\t\t\t\t<h4 class=\"woodmart-title-container title  wd-font-weight-800 wd-fontsize-xl\" >INFORMACI\u00d3N COMERCIAL<\/h4>\n\t\t\t\t\t\t\t<\/div>\n\t\t\t\n\t\t\t\n\t\t\t\n\t\t<\/div>\n\t\t\n\t\t[vc_toggle title=\u00bb\u00bfQu\u00e9 m\u00e9todos de env\u00edo tienen disponibles?\u00bb style=\u00bbarrow\u00bb size=\u00bbsm\u00bb]Actualmente brindamos env\u00edos dentro de nuestra ciudad con medios locales, y utilizamos diferentes transportes y encomiendas para env\u00edos a otras localidades de nuestra provincia y hacia otras provincias de nuestro pa\u00eds. Para verificar los transportes y medios disponibles actualmente comun\u00edquese con nosotros a trav\u00e9s de los datos de nuestra secci\u00f3n\u00a0<strong>Contacto<\/strong>.[\/vc_toggle][vc_toggle title=\u00bb\u00bfHacen env\u00edos internacionales?\u00bb style=\u00bbarrow\u00bb]Actualmente no estamos haciendo env\u00edos fuera de nuestro pa\u00eds. Recuerde que solo pueden ejecutar compras en nuestra tienda los socios activos de nuestra mutual.[\/vc_toggle][vc_toggle title=\u00bb\u00bfCu\u00e1nto tiempo tardar\u00e9 en recibir mi producto?\u00bb style=\u00bbarrow\u00bb]Los tiempos de entrega y recepci\u00f3n de cada producto y pedido depender\u00e1 de la situaci\u00f3n actual general, de las fechas h\u00e1biles locales y del tipo de transporte elegido para su entrega. Los tiempos de recepci\u00f3n no depender\u00e1n de nuestra mutual ya que nuestra log\u00edstica es terciarizada.[\/vc_toggle][vc_empty_space woodmart_hide_large=\u00bb0&#8243; woodmart_hide_medium=\u00bb0&#8243; woodmart_hide_small=\u00bb0&#8243; woodmart_hide_extra_small=\u00bb0&#8243;]\n\t\t<div id=\"wd-61f35947988af\" class=\"title-wrapper wd-wpb set-mb-s reset-last-child  wd-rs-61f35947988af wd-title-color-primary wd-title-style-underlined text-left  wd-underline-colored\">\n\t\t\t\n\t\t\t<div class=\"liner-continer\">\n\t\t\t\t<h4 class=\"woodmart-title-container title  wd-font-weight-800 wd-fontsize-xl\" >INFORMACI\u00d3N SOBRE PAGOS<\/h4>\n\t\t\t\t\t\t\t<\/div>\n\t\t\t\n\t\t\t\n\t\t\t\n\t\t<\/div>\n\t\t\n\t\t[vc_toggle title=\u00bb\u00bfQu\u00e9 m\u00e9todos de pago se aceptan?\u00bb style=\u00bbarrow\u00bb]Deber\u00e1 ponerse en contacto con nosotros para poder obtener la forma de pago que mejor se adapte a sus necesidades, recuerde que s\u00f3lo los socios activos pueden realizar compras en nuestra mutual.[\/vc_toggle][vc_toggle title=\u00bb\u00bfEs seguro comprar en esta tienda online?\u00bb style=\u00bbarrow\u00bb]Nuestro sitio cuenta con certificado de seguridad SSL por lo que todos los datos enviados a trav\u00e9s de nuestro sitio est\u00e1n cifrados. Seg\u00fan la pasarela de pago elegida al finalizar la compra ser\u00e1 redirigido al sitio oficial de dicha entidad con la cual tambi\u00e9n se cuenta con su certificado de seguridad.[\/vc_toggle][vc_empty_space woodmart_hide_large=\u00bb0&#8243; woodmart_hide_medium=\u00bb0&#8243; woodmart_hide_small=\u00bb0&#8243; woodmart_hide_extra_small=\u00bb0&#8243;][\/vc_column][vc_column width=\u00bb1\/2&#8243;]\n\t\t<div id=\"wd-61f35985b6e39\" class=\"title-wrapper wd-wpb set-mb-s reset-last-child  wd-rs-61f35985b6e39 wd-title-color-primary wd-title-style-underlined text-left  wd-underline-colored\">\n\t\t\t\n\t\t\t<div class=\"liner-continer\">\n\t\t\t\t<h4 class=\"woodmart-title-container title  wd-font-weight-800 wd-fontsize-xl\" >PEDIDOS Y DEVOLUCIONES<\/h4>\n\t\t\t\t\t\t\t<\/div>\n\t\t\t\n\t\t\t\n\t\t\t\n\t\t<\/div>\n\t\t\n\t\t[vc_toggle title=\u00bb\u00bfC\u00f3mo realizo un pedido?\u00bb style=\u00bbarrow\u00bb]A trav\u00e9s de nuestro apartado\u00a0<strong>\u00bfC\u00f3mo Comprar?<\/strong>, hemos determinados los pasos del proceso de compra de manera simple y acotada para que resulte pr\u00e1ctico de entender para nuestro usuarios.[\/vc_toggle][vc_toggle title=\u00bb\u00bfC\u00f3mo puedo cancelar o cambiar mi pedido?\u00bb style=\u00bbarrow\u00bb]En el caso de que se presente un caso de este tipo, le solicitamos que se ponga en contacto con nuestro equipo comercial a trav\u00e9s de los datos de nuestro apartado Contacto, para poder rever su caso particular y as\u00ed tratar de buscar la mejor resoluci\u00f3n.[\/vc_toggle][vc_toggle title=\u00bb\u00bfNecesito una cuenta para realizar un pedido?\u00bb style=\u00bbarrow\u00bb]Puede lanzar al carrito todos los productos deseados sin necesidad de loguearse en el sitio, pero al momento de finalizar su compra, es requisito ingresar a su cuenta o en caso de a\u00fan no estar registrado, realizar el registro correspondiente en nuestro sitio, es simple y gratuito.[\/vc_toggle][vc_toggle title=\u00bb\u00bfC\u00f3mo realizo el seguimiento de mi pedido?\u00bb style=\u00bbarrow\u00bb]Para poder verificar el estado de su pedido (y en caso de haber sido despachado el n\u00famero de tracking y transporte), puede ingresar a nuestro apartado\u00a0<strong>Seguimiento de Pedidos<\/strong>.[\/vc_toggle][vc_empty_space woodmart_hide_large=\u00bb0&#8243; woodmart_hide_medium=\u00bb0&#8243; woodmart_hide_small=\u00bb0&#8243; woodmart_hide_extra_small=\u00bb0&#8243;][\/vc_column][\/vc_row]<\/p>\n<\/div>","protected":false},"excerpt":{"rendered":"<p>[vc_row gap=\u00bb30&#8243; woodmart_css_id=\u00bb650a5a0dcc545&#8243; responsive_spacing=\u00bbeyJwYXJhbV90eXBlIjoid29vZG1hcnRfcmVzcG9uc2l2ZV9zcGFjaW5nIiwic2VsZWN0b3JfaWQiOiI2NTBhNWEwZGNjNTQ1Iiwic2hvcnRjb2RlIjoidmNfcm93IiwiZGF0YSI6eyJ0YWJsZXQiOnt9LCJtb2JpbGUiOnt9fX0=\u00bb mobile_bg_img_hidden=\u00bbno\u00bb tablet_bg_img_hidden=\u00bbno\u00bb woodmart_parallax=\u00bb0&#8243; woodmart_gradient_switch=\u00bbno\u00bb woodmart_box_shadow=\u00bbno\u00bb wd_z_index=\u00bbno\u00bb woodmart_disable_overflow=\u00bb0&#8243; row_reverse_mobile=\u00bb0&#8243; row_reverse_tablet=\u00bb0&#8243; el_class=\u00bbpagina-contenido\u00bb][vc_column width=\u00bb1\/2&#8243;][vc_toggle title=\u00bb\u00bfQu\u00e9 m\u00e9todos de env\u00edo tienen<\/p>\n","protected":false},"author":2,"featured_media":0,"parent":0,"menu_order":0,"comment_status":"closed","ping_status":"closed","template":"","meta":{"footnotes":""},"class_list":["post-37","page","type-page","status-publish","hentry"],"_links":{"self":[{"href":"https:\/\/amsb.com.ar\/web\/wp-json\/wp\/v2\/pages\/37"}],"collection":[{"href":"https:\/\/amsb.com.ar\/web\/wp-json\/wp\/v2\/pages"}],"about":[{"href":"https:\/\/amsb.com.ar\/web\/wp-json\/wp\/v2\/types\/page"}],"author":[{"embeddable":true,"href":"https:\/\/amsb.com.ar\/web\/wp-json\/wp\/v2\/users\/2"}],"replies":[{"embeddable":true,"href":"https:\/\/amsb.com.ar\/web\/wp-json\/wp\/v2\/comments?post=37"}],"version-history":[{"count":2,"href":"https:\/\/amsb.com.ar\/web\/wp-json\/wp\/v2\/pages\/37\/revisions"}],"predecessor-version":[{"id":1279,"href":"https:\/\/amsb.com.ar\/web\/wp-json\/wp\/v2\/pages\/37\/revisions\/1279"}],"wp:attachment":[{"href":"https:\/\/amsb.com.ar\/web\/wp-json\/wp\/v2\/media?parent=37"}],"curies":[{"name":"wp","href":"https:\/\/api.w.org\/{rel}","templated":true}]}}