{"id":365,"date":"2023-09-19T13:52:16","date_gmt":"2023-09-19T16:52:16","guid":{"rendered":"https:\/\/amsb.com.ar\/web\/?page_id=365"},"modified":"2023-11-15T13:15:52","modified_gmt":"2023-11-15T16:15:52","slug":"envio-entrega","status":"publish","type":"page","link":"https:\/\/amsb.com.ar\/web\/envio-entrega\/","title":{"rendered":"Envio y entrega"},"content":{"rendered":"<div class=\"wpb-content-wrapper\"><p>[vc_row gap=\u00bb35&#8243; equal_height=\u00bbyes\u00bb woodmart_css_id=\u00bb650a0cd1f0969&#8243; responsive_spacing=\u00bbeyJwYXJhbV90eXBlIjoid29vZG1hcnRfcmVzcG9uc2l2ZV9zcGFjaW5nIiwic2VsZWN0b3JfaWQiOiI2NTBhMGNkMWYwOTY5Iiwic2hvcnRjb2RlIjoidmNfcm93IiwiZGF0YSI6eyJ0YWJsZXQiOnt9LCJtb2JpbGUiOnt9fX0=\u00bb mobile_bg_img_hidden=\u00bbno\u00bb tablet_bg_img_hidden=\u00bbno\u00bb woodmart_parallax=\u00bb0&#8243; woodmart_gradient_switch=\u00bbno\u00bb woodmart_box_shadow=\u00bbno\u00bb wd_z_index=\u00bbno\u00bb woodmart_disable_overflow=\u00bb0&#8243; row_reverse_mobile=\u00bb0&#8243; row_reverse_tablet=\u00bb0&#8243; el_class=\u00bbpagina-contenido\u00bb][vc_column width=\u00bb1\/2&#8243; woodmart_css_id=\u00bb650a0cff23a36&#8243; parallax_scroll=\u00bbno\u00bb woodmart_sticky_column=\u00bbfalse\u00bb wd_collapsible_content_switcher=\u00bbno\u00bb wd_column_role_offcanvas_desktop=\u00bbno\u00bb wd_column_role_offcanvas_tablet=\u00bbno\u00bb wd_column_role_offcanvas_mobile=\u00bbno\u00bb wd_column_role_content_desktop=\u00bbno\u00bb wd_column_role_content_tablet=\u00bbno\u00bb wd_column_role_content_mobile=\u00bbno\u00bb mobile_bg_img_hidden=\u00bbno\u00bb tablet_bg_img_hidden=\u00bbno\u00bb woodmart_parallax=\u00bb0&#8243; woodmart_box_shadow=\u00bbno\u00bb responsive_spacing=\u00bbeyJwYXJhbV90eXBlIjoid29vZG1hcnRfcmVzcG9uc2l2ZV9zcGFjaW5nIiwic2VsZWN0b3JfaWQiOiI2NTBhMGNmZjIzYTM2Iiwic2hvcnRjb2RlIjoidmNfY29sdW1uIiwiZGF0YSI6eyJ0YWJsZXQiOnt9LCJtb2JpbGUiOnt9fX0=\u00bb mobile_reset_margin=\u00bbno\u00bb tablet_reset_margin=\u00bbno\u00bb wd_z_index=\u00bbno\u00bb]\n\t\t<div id=\"wd-6509ed9f97350\" class=\"title-wrapper wd-wpb set-mb-s reset-last-child  wd-rs-6509ed9f97350 wd-title-color-default wd-title-style-default text-left  wd-underline-colored\">\n\t\t\t\n\t\t\t<div class=\"liner-continer\">\n\t\t\t\t<h4 class=\"woodmart-title-container title  wd-font-weight- wd-fontsize-xl\" >Despacho de productos<\/h4>\n\t\t\t\t\t\t\t<\/div>\n\t\t\t\n\t\t\t\n\t\t\t\n\t\t<\/div>\n\t\t\n\t\t[vc_column_text woodmart_inline=\u00bbno\u00bb text_larger=\u00bbno\u00bb]Nos comprometemos a realizar el env\u00edo a la direcci\u00f3n suministrada. Los gastos de env\u00edo var\u00edan en funci\u00f3n de la provincia \/ localidad y del transportista. Los plazos de entrega son orientativos y distintos seg\u00fan el lugar de destino. Es muy importante que en el momento de la compra indique la informaci\u00f3n completa de la direcci\u00f3n y de la persona que realizar\u00e1 la recogida. Es obligatorio comunicar un tel\u00e9fono de contacto para garantizar una correcta entrega y que la copmpra sea realizada por un socio activo de la mutual. No se aceptan env\u00edos a apartados de correos.<\/p>\n<p>Siempre intentaremos que sea lo m\u00e1s breve posible, si bien, determinadas zonas m\u00e1s alejadas de n\u00facleos urbanos, pueden tener un tiempo de reparto ligeramente superior. Hay salidas de pedidos desde nuestra central de lunes a viernes no festivos.[\/vc_column_text][\/vc_column][vc_column width=\u00bb1\/2&#8243;]\n\t\t<div id=\"wd-6509ecf5dd6af\" class=\"title-wrapper wd-wpb set-mb-s reset-last-child  wd-rs-6509ecf5dd6af wd-title-color-default wd-title-style-default text-left  wd-underline-colored\">\n\t\t\t\n\t\t\t<div class=\"liner-continer\">\n\t\t\t\t<h4 class=\"woodmart-title-container title  wd-font-weight- wd-fontsize-xl\" >Transporte y log\u00edstica<\/h4>\n\t\t\t\t\t\t\t<\/div>\n\t\t\t\n\t\t\t\n\t\t\t\n\t\t<\/div>\n\t\t\n\t\t[vc_column_text woodmart_inline=\u00bbno\u00bb text_larger=\u00bbno\u00bb]No hacemos transporte de mercader\u00eda ni servicio de log\u00edstica por s\u00ed mismo. Todos los env\u00edos los realiza a trav\u00e9s de transportistas o encomiendas \u00a0de \u00f3rden privado y terciarizado lo que predefine que los costos \u00a0y tiempos de entrega depender\u00e1n \u00a0de \u00e9ste \u00faltimo. Para ello el cliente decidir\u00e1 el medio de env\u00edo y se ajustar\u00e1n los costos de la compra dependiendo si el transporte aceptar\u00e1 o no pago en destino.[\/vc_column_text][\/vc_column][\/vc_row]<\/p>\n<\/div>","protected":false},"excerpt":{"rendered":"<p>[vc_row gap=\u00bb35&#8243; equal_height=\u00bbyes\u00bb woodmart_css_id=\u00bb650a0cd1f0969&#8243; responsive_spacing=\u00bbeyJwYXJhbV90eXBlIjoid29vZG1hcnRfcmVzcG9uc2l2ZV9zcGFjaW5nIiwic2VsZWN0b3JfaWQiOiI2NTBhMGNkMWYwOTY5Iiwic2hvcnRjb2RlIjoidmNfcm93IiwiZGF0YSI6eyJ0YWJsZXQiOnt9LCJtb2JpbGUiOnt9fX0=\u00bb mobile_bg_img_hidden=\u00bbno\u00bb tablet_bg_img_hidden=\u00bbno\u00bb woodmart_parallax=\u00bb0&#8243; woodmart_gradient_switch=\u00bbno\u00bb woodmart_box_shadow=\u00bbno\u00bb wd_z_index=\u00bbno\u00bb woodmart_disable_overflow=\u00bb0&#8243; row_reverse_mobile=\u00bb0&#8243; row_reverse_tablet=\u00bb0&#8243; el_class=\u00bbpagina-contenido\u00bb][vc_column width=\u00bb1\/2&#8243; woodmart_css_id=\u00bb650a0cff23a36&#8243; parallax_scroll=\u00bbno\u00bb woodmart_sticky_column=\u00bbfalse\u00bb wd_collapsible_content_switcher=\u00bbno\u00bb<\/p>\n","protected":false},"author":2,"featured_media":0,"parent":0,"menu_order":0,"comment_status":"closed","ping_status":"closed","template":"","meta":{"footnotes":""},"class_list":["post-365","page","type-page","status-publish","hentry"],"_links":{"self":[{"href":"https:\/\/amsb.com.ar\/web\/wp-json\/wp\/v2\/pages\/365"}],"collection":[{"href":"https:\/\/amsb.com.ar\/web\/wp-json\/wp\/v2\/pages"}],"about":[{"href":"https:\/\/amsb.com.ar\/web\/wp-json\/wp\/v2\/types\/page"}],"author":[{"embeddable":true,"href":"https:\/\/amsb.com.ar\/web\/wp-json\/wp\/v2\/users\/2"}],"replies":[{"embeddable":true,"href":"https:\/\/amsb.com.ar\/web\/wp-json\/wp\/v2\/comments?post=365"}],"version-history":[{"count":1,"href":"https:\/\/amsb.com.ar\/web\/wp-json\/wp\/v2\/pages\/365\/revisions"}],"predecessor-version":[{"id":1277,"href":"https:\/\/amsb.com.ar\/web\/wp-json\/wp\/v2\/pages\/365\/revisions\/1277"}],"wp:attachment":[{"href":"https:\/\/amsb.com.ar\/web\/wp-json\/wp\/v2\/media?parent=365"}],"curies":[{"name":"wp","href":"https:\/\/api.w.org\/{rel}","templated":true}]}}